{"id":37,"date":"2025-08-14T22:14:39","date_gmt":"2025-08-14T22:14:39","guid":{"rendered":"https:\/\/innovadentcare.com.mx\/?page_id=37"},"modified":"2026-02-21T18:02:55","modified_gmt":"2026-02-21T18:02:55","slug":"paquetes","status":"publish","type":"page","link":"https:\/\/innovadentcare.com.mx\/index.php\/paquetes\/","title":{"rendered":"Precios"},"content":{"rendered":"\t\t<div data-elementor-type=\"wp-page\" data-elementor-id=\"37\" class=\"elementor elementor-37\">\n\t\t\t\t<div class=\"elementor-element elementor-element-4216ade e-flex e-con-boxed e-con e-parent\" data-id=\"4216ade\" data-element_type=\"container\" data-settings=\"{&quot;background_background&quot;:&quot;classic&quot;}\">\n\t\t\t\t\t<div class=\"e-con-inner\">\n\t\t\t\t<div class=\"elementor-element elementor-element-7f21e2f elementor-absolute elementor-widget elementor-widget-heading\" data-id=\"7f21e2f\" data-element_type=\"widget\" data-settings=\"{&quot;_position&quot;:&quot;absolute&quot;}\" data-widget_type=\"heading.default\">\n\t\t\t\t\t<h2 class=\"elementor-heading-title elementor-size-default\">Lista de precios<\/h2>\t\t\t\t<\/div>\n\t\t\t\t\t<\/div>\n\t\t\t\t<\/div>\n\t\t<div class=\"elementor-element elementor-element-35d8457 e-flex e-con-boxed e-con e-parent\" data-id=\"35d8457\" data-element_type=\"container\">\n\t\t\t\t\t<div class=\"e-con-inner\">\n\t\t\t\t<div class=\"elementor-element elementor-element-263c7a9 elementor-widget elementor-widget-image\" data-id=\"263c7a9\" data-element_type=\"widget\" data-widget_type=\"image.default\">\n\t\t\t\t\t\t\t\t\t\t\t\t\t\t\t<img fetchpriority=\"high\" decoding=\"async\" width=\"819\" height=\"1024\" src=\"https:\/\/innovadentcare.com.mx\/wp-content\/uploads\/2026\/02\/Radiografias-819x1024.png\" class=\"attachment-large size-large wp-image-764\" alt=\"\" srcset=\"https:\/\/innovadentcare.com.mx\/wp-content\/uploads\/2026\/02\/Radiografias-819x1024.png 819w, https:\/\/innovadentcare.com.mx\/wp-content\/uploads\/2026\/02\/Radiografias-240x300.png 240w, https:\/\/innovadentcare.com.mx\/wp-content\/uploads\/2026\/02\/Radiografias-768x960.png 768w, https:\/\/innovadentcare.com.mx\/wp-content\/uploads\/2026\/02\/Radiografias.png 1080w\" sizes=\"(max-width: 819px) 100vw, 819px\" \/>\t\t\t\t\t\t\t\t\t\t\t\t\t\t\t<\/div>\n\t\t\t\t\t<\/div>\n\t\t\t\t<\/div>\n\t\t<div class=\"elementor-element elementor-element-7fba859 e-flex e-con-boxed e-con e-parent\" data-id=\"7fba859\" data-element_type=\"container\">\n\t\t\t\t\t<div class=\"e-con-inner\">\n\t\t\t\t<div class=\"elementor-element elementor-element-2a0d184 elementor-widget elementor-widget-image\" data-id=\"2a0d184\" data-element_type=\"widget\" data-widget_type=\"image.default\">\n\t\t\t\t\t\t\t\t\t\t\t\t\t\t\t<img decoding=\"async\" width=\"819\" height=\"1024\" src=\"https:\/\/innovadentcare.com.mx\/wp-content\/uploads\/2026\/02\/Tomografias-y-estudios-2-819x1024.png\" class=\"attachment-large size-large wp-image-780\" alt=\"\" srcset=\"https:\/\/innovadentcare.com.mx\/wp-content\/uploads\/2026\/02\/Tomografias-y-estudios-2-819x1024.png 819w, https:\/\/innovadentcare.com.mx\/wp-content\/uploads\/2026\/02\/Tomografias-y-estudios-2-240x300.png 240w, https:\/\/innovadentcare.com.mx\/wp-content\/uploads\/2026\/02\/Tomografias-y-estudios-2-768x960.png 768w, https:\/\/innovadentcare.com.mx\/wp-content\/uploads\/2026\/02\/Tomografias-y-estudios-2.png 1080w\" sizes=\"(max-width: 819px) 100vw, 819px\" \/>\t\t\t\t\t\t\t\t\t\t\t\t\t\t\t<\/div>\n\t\t\t\t\t<\/div>\n\t\t\t\t<\/div>\n\t\t<div class=\"elementor-element elementor-element-eb9613c e-flex e-con-boxed e-con e-parent\" data-id=\"eb9613c\" data-element_type=\"container\">\n\t\t\t\t\t<div class=\"e-con-inner\">\n\t\t\t\t<div class=\"elementor-element elementor-element-de6cffa elementor-widget-divider--view-line elementor-widget elementor-widget-divider\" data-id=\"de6cffa\" data-element_type=\"widget\" data-widget_type=\"divider.default\">\n\t\t\t\t\t\t\t<div class=\"elementor-divider\">\n\t\t\t<span class=\"elementor-divider-separator\">\n\t\t\t\t\t\t<\/span>\n\t\t<\/div>\n\t\t\t\t\t\t<\/div>\n\t\t\t\t\t<\/div>\n\t\t\t\t<\/div>\n\t\t<div class=\"elementor-element elementor-element-78741b3 e-flex e-con-boxed e-con e-parent\" data-id=\"78741b3\" data-element_type=\"container\" data-settings=\"{&quot;background_background&quot;:&quot;classic&quot;}\">\n\t\t\t\t\t<div class=\"e-con-inner\">\n\t\t<div class=\"elementor-element elementor-element-004e738 e-con-full e-flex e-con e-child\" data-id=\"004e738\" data-element_type=\"container\" data-settings=\"{&quot;background_background&quot;:&quot;classic&quot;}\">\n\t\t<div class=\"elementor-element elementor-element-0b935bd e-con-full e-flex e-con e-child\" data-id=\"0b935bd\" data-element_type=\"container\" data-settings=\"{&quot;background_background&quot;:&quot;classic&quot;}\">\n\t\t<div class=\"elementor-element elementor-element-69422cc e-con-full e-flex e-con e-child\" data-id=\"69422cc\" data-element_type=\"container\" data-settings=\"{&quot;background_background&quot;:&quot;classic&quot;}\">\n\t\t<div class=\"elementor-element elementor-element-108202e e-con-full e-flex e-con e-child\" data-id=\"108202e\" data-element_type=\"container\">\n\t\t\t\t<div class=\"elementor-element elementor-element-7e65660 elementor-widget elementor-widget-text-editor\" data-id=\"7e65660\" data-element_type=\"widget\" data-widget_type=\"text-editor.default\">\n\t\t\t\t\t\t\t\t\t<p><b>Servicios<\/b><\/p>\n<p>Radiograf\u00eda Dental 2D<\/p><p>Paquetes<\/p>\n<p>Escaneo Intraoral<\/p>\n<p>Estereolitograf\u00eda 3D<\/p>\n<p>Tomograf\u00eda 3D<\/p>\n<p>Fotograf\u00eda intra y extraoral<\/p>\t\t\t\t\t\t\t\t<\/div>\n\t\t\t\t<\/div>\n\t\t<div class=\"elementor-element elementor-element-13a16ef e-con-full e-flex e-con e-child\" data-id=\"13a16ef\" data-element_type=\"container\">\n\t\t\t\t<div class=\"elementor-element elementor-element-36199eb elementor-widget elementor-widget-text-editor\" data-id=\"36199eb\" data-element_type=\"widget\" data-widget_type=\"text-editor.default\">\n\t\t\t\t\t\t\t\t\t<p><b>Legal<\/b><\/p><p><a href=\"https:\/\/innovadentcare.com.mx\/index.php\/aviso-de-privacidad\/\">Aviso de privacidad<\/a><\/p><p><a href=\"https:\/\/innovadentcare.com.mx\/index.php\/terminos-y-condiciones\/\">T\u00e9rmionos y condiciones<\/a><\/p>\t\t\t\t\t\t\t\t<\/div>\n\t\t\t\t<\/div>\n\t\t<div class=\"elementor-element elementor-element-f44c2ba e-con-full e-flex e-con e-child\" data-id=\"f44c2ba\" data-element_type=\"container\">\n\t\t\t\t<div class=\"elementor-element elementor-element-c114380 elementor-widget elementor-widget-text-editor\" data-id=\"c114380\" data-element_type=\"widget\" data-widget_type=\"text-editor.default\">\n\t\t\t\t\t\t\t\t\t<p><b>Contacto<\/b><\/p><p>+52 <span class=\"a_GcMg font-feature-liga-off font-feature-clig-off font-feature-calt-off text-decoration-none text-strikethrough-none\">5547661083<\/span><\/p><p>+52 5553445253<\/p><p>contacto@innovadentcare.com.mx<\/p>\t\t\t\t\t\t\t\t<\/div>\n\t\t\t\t<\/div>\n\t\t<div class=\"elementor-element elementor-element-91de254 e-con-full e-flex e-con e-child\" data-id=\"91de254\" data-element_type=\"container\">\n\t\t\t\t<div class=\"elementor-element elementor-element-65fdb26 elementor-shape-circle elementor-grid-0 e-grid-align-center elementor-widget elementor-widget-social-icons\" data-id=\"65fdb26\" data-element_type=\"widget\" data-widget_type=\"social-icons.default\">\n\t\t\t\t\t\t\t<div class=\"elementor-social-icons-wrapper elementor-grid\" role=\"list\">\n\t\t\t\t\t\t\t<span class=\"elementor-grid-item\" role=\"listitem\">\n\t\t\t\t\t<a class=\"elementor-icon elementor-social-icon elementor-social-icon-facebook elementor-repeater-item-979f934\" target=\"_blank\">\n\t\t\t\t\t\t<span class=\"elementor-screen-only\">Facebook<\/span>\n\t\t\t\t\t\t<svg aria-hidden=\"true\" class=\"e-font-icon-svg e-fab-facebook\" viewBox=\"0 0 512 512\" xmlns=\"http:\/\/www.w3.org\/2000\/svg\"><path d=\"M504 256C504 119 393 8 256 8S8 119 8 256c0 123.78 90.69 226.38 209.25 245V327.69h-63V256h63v-54.64c0-62.15 37-96.48 93.67-96.48 27.14 0 55.52 4.84 55.52 4.84v61h-31.28c-30.8 0-40.41 19.12-40.41 38.73V256h68.78l-11 71.69h-57.78V501C413.31 482.38 504 379.78 504 256z\"><\/path><\/svg>\t\t\t\t\t<\/a>\n\t\t\t\t<\/span>\n\t\t\t\t\t\t\t<span class=\"elementor-grid-item\" role=\"listitem\">\n\t\t\t\t\t<a class=\"elementor-icon elementor-social-icon elementor-social-icon-instagram elementor-repeater-item-08d3b6c\" target=\"_blank\">\n\t\t\t\t\t\t<span class=\"elementor-screen-only\">Instagram<\/span>\n\t\t\t\t\t\t<svg aria-hidden=\"true\" class=\"e-font-icon-svg e-fab-instagram\" viewBox=\"0 0 448 512\" xmlns=\"http:\/\/www.w3.org\/2000\/svg\"><path d=\"M224.1 141c-63.6 0-114.9 51.3-114.9 114.9s51.3 114.9 114.9 114.9S339 319.5 339 255.9 287.7 141 224.1 141zm0 189.6c-41.1 0-74.7-33.5-74.7-74.7s33.5-74.7 74.7-74.7 74.7 33.5 74.7 74.7-33.6 74.7-74.7 74.7zm146.4-194.3c0 14.9-12 26.8-26.8 26.8-14.9 0-26.8-12-26.8-26.8s12-26.8 26.8-26.8 26.8 12 26.8 26.8zm76.1 27.2c-1.7-35.9-9.9-67.7-36.2-93.9-26.2-26.2-58-34.4-93.9-36.2-37-2.1-147.9-2.1-184.9 0-35.8 1.7-67.6 9.9-93.9 36.1s-34.4 58-36.2 93.9c-2.1 37-2.1 147.9 0 184.9 1.7 35.9 9.9 67.7 36.2 93.9s58 34.4 93.9 36.2c37 2.1 147.9 2.1 184.9 0 35.9-1.7 67.7-9.9 93.9-36.2 26.2-26.2 34.4-58 36.2-93.9 2.1-37 2.1-147.8 0-184.8zM398.8 388c-7.8 19.6-22.9 34.7-42.6 42.6-29.5 11.7-99.5 9-132.1 9s-102.7 2.6-132.1-9c-19.6-7.8-34.7-22.9-42.6-42.6-11.7-29.5-9-99.5-9-132.1s-2.6-102.7 9-132.1c7.8-19.6 22.9-34.7 42.6-42.6 29.5-11.7 99.5-9 132.1-9s102.7-2.6 132.1 9c19.6 7.8 34.7 22.9 42.6 42.6 11.7 29.5 9 99.5 9 132.1s2.7 102.7-9 132.1z\"><\/path><\/svg>\t\t\t\t\t<\/a>\n\t\t\t\t<\/span>\n\t\t\t\t\t\t\t<span class=\"elementor-grid-item\" role=\"listitem\">\n\t\t\t\t\t<a class=\"elementor-icon elementor-social-icon elementor-social-icon-whatsapp elementor-repeater-item-6e38e6c\" target=\"_blank\">\n\t\t\t\t\t\t<span class=\"elementor-screen-only\">Whatsapp<\/span>\n\t\t\t\t\t\t<svg aria-hidden=\"true\" class=\"e-font-icon-svg e-fab-whatsapp\" viewBox=\"0 0 448 512\" xmlns=\"http:\/\/www.w3.org\/2000\/svg\"><path d=\"M380.9 97.1C339 55.1 283.2 32 223.9 32c-122.4 0-222 99.6-222 222 0 39.1 10.2 77.3 29.6 111L0 480l117.7-30.9c32.4 17.7 68.9 27 106.1 27h.1c122.3 0 224.1-99.6 224.1-222 0-59.3-25.2-115-67.1-157zm-157 341.6c-33.2 0-65.7-8.9-94-25.7l-6.7-4-69.8 18.3L72 359.2l-4.4-7c-18.5-29.4-28.2-63.3-28.2-98.2 0-101.7 82.8-184.5 184.6-184.5 49.3 0 95.6 19.2 130.4 54.1 34.8 34.9 56.2 81.2 56.1 130.5 0 101.8-84.9 184.6-186.6 184.6zm101.2-138.2c-5.5-2.8-32.8-16.2-37.9-18-5.1-1.9-8.8-2.8-12.5 2.8-3.7 5.6-14.3 18-17.6 21.8-3.2 3.7-6.5 4.2-12 1.4-32.6-16.3-54-29.1-75.5-66-5.7-9.8 5.7-9.1 16.3-30.3 1.8-3.7.9-6.9-.5-9.7-1.4-2.8-12.5-30.1-17.1-41.2-4.5-10.8-9.1-9.3-12.5-9.5-3.2-.2-6.9-.2-10.6-.2-3.7 0-9.7 1.4-14.8 6.9-5.1 5.6-19.4 19-19.4 46.3 0 27.3 19.9 53.7 22.6 57.4 2.8 3.7 39.1 59.7 94.8 83.8 35.2 15.2 49 16.5 66.6 13.9 10.7-1.6 32.8-13.4 37.4-26.4 4.6-13 4.6-24.1 3.2-26.4-1.3-2.5-5-3.9-10.5-6.6z\"><\/path><\/svg>\t\t\t\t\t<\/a>\n\t\t\t\t<\/span>\n\t\t\t\t\t<\/div>\n\t\t\t\t\t\t<\/div>\n\t\t\t\t<\/div>\n\t\t\t\t<\/div>\n\t\t\t\t<\/div>\n\t\t\t\t<\/div>\n\t\t\t\t\t<\/div>\n\t\t\t\t<\/div>\n\t\t\t\t<\/div>\n\t\t","protected":false},"excerpt":{"rendered":"<p>Lista de precios Servicios Radiograf\u00eda Dental 2D Paquetes Escaneo Intraoral Estereolitograf\u00eda 3D Tomograf\u00eda 3D Fotograf\u00eda intra y extraoral Legal Aviso&#8230;<\/p>\n","protected":false},"author":2,"featured_media":0,"parent":0,"menu_order":0,"comment_status":"closed","ping_status":"closed","template":"","meta":{"footnotes":""},"class_list":["post-37","page","type-page","status-publish","hentry"],"yoast_head":"<!-- This site is optimized with the Yoast SEO plugin v26.1.1 - https:\/\/yoast.com\/wordpress\/plugins\/seo\/ -->\n<title>Precios - Innova DentCare<\/title>\n<meta name=\"robots\" content=\"index, follow, max-snippet:-1, max-image-preview:large, max-video-preview:-1\" \/>\n<link rel=\"canonical\" href=\"https:\/\/innovadentcare.com.mx\/index.php\/paquetes\/\" \/>\n<meta property=\"og:locale\" content=\"es_ES\" \/>\n<meta property=\"og:type\" content=\"article\" \/>\n<meta property=\"og:title\" content=\"Precios - Innova DentCare\" \/>\n<meta property=\"og:description\" content=\"Lista de precios Servicios Radiograf\u00eda Dental 2D Paquetes Escaneo Intraoral Estereolitograf\u00eda 3D Tomograf\u00eda 3D Fotograf\u00eda intra y extraoral Legal Aviso...\" \/>\n<meta property=\"og:url\" content=\"https:\/\/innovadentcare.com.mx\/index.php\/paquetes\/\" \/>\n<meta property=\"og:site_name\" content=\"Innova DentCare\" \/>\n<meta property=\"article:modified_time\" content=\"2026-02-21T18:02:55+00:00\" \/>\n<meta property=\"og:image\" content=\"https:\/\/innovadentcare.com.mx\/wp-content\/uploads\/2026\/02\/Radiografias.png\" \/>\n\t<meta property=\"og:image:width\" content=\"1080\" \/>\n\t<meta property=\"og:image:height\" content=\"1350\" \/>\n\t<meta property=\"og:image:type\" content=\"image\/png\" \/>\n<meta name=\"twitter:card\" content=\"summary_large_image\" \/>\n<meta name=\"twitter:label1\" content=\"Tiempo de lectura\" \/>\n\t<meta name=\"twitter:data1\" content=\"1 minuto\" \/>\n<script type=\"application\/ld+json\" class=\"yoast-schema-graph\">{\"@context\":\"https:\/\/schema.org\",\"@graph\":[{\"@type\":\"WebPage\",\"@id\":\"https:\/\/innovadentcare.com.mx\/index.php\/paquetes\/\",\"url\":\"https:\/\/innovadentcare.com.mx\/index.php\/paquetes\/\",\"name\":\"Precios - Innova DentCare\",\"isPartOf\":{\"@id\":\"https:\/\/innovadentcare.com.mx\/#website\"},\"primaryImageOfPage\":{\"@id\":\"https:\/\/innovadentcare.com.mx\/index.php\/paquetes\/#primaryimage\"},\"image\":{\"@id\":\"https:\/\/innovadentcare.com.mx\/index.php\/paquetes\/#primaryimage\"},\"thumbnailUrl\":\"https:\/\/innovadentcare.com.mx\/wp-content\/uploads\/2026\/02\/Radiografias-819x1024.png\",\"datePublished\":\"2025-08-14T22:14:39+00:00\",\"dateModified\":\"2026-02-21T18:02:55+00:00\",\"breadcrumb\":{\"@id\":\"https:\/\/innovadentcare.com.mx\/index.php\/paquetes\/#breadcrumb\"},\"inLanguage\":\"es\",\"potentialAction\":[{\"@type\":\"ReadAction\",\"target\":[\"https:\/\/innovadentcare.com.mx\/index.php\/paquetes\/\"]}]},{\"@type\":\"ImageObject\",\"inLanguage\":\"es\",\"@id\":\"https:\/\/innovadentcare.com.mx\/index.php\/paquetes\/#primaryimage\",\"url\":\"https:\/\/innovadentcare.com.mx\/wp-content\/uploads\/2026\/02\/Radiografias.png\",\"contentUrl\":\"https:\/\/innovadentcare.com.mx\/wp-content\/uploads\/2026\/02\/Radiografias.png\",\"width\":1080,\"height\":1350},{\"@type\":\"BreadcrumbList\",\"@id\":\"https:\/\/innovadentcare.com.mx\/index.php\/paquetes\/#breadcrumb\",\"itemListElement\":[{\"@type\":\"ListItem\",\"position\":1,\"name\":\"Portada\",\"item\":\"https:\/\/innovadentcare.com.mx\/\"},{\"@type\":\"ListItem\",\"position\":2,\"name\":\"Precios\"}]},{\"@type\":\"WebSite\",\"@id\":\"https:\/\/innovadentcare.com.mx\/#website\",\"url\":\"https:\/\/innovadentcare.com.mx\/\",\"name\":\"Innova DentCare\",\"description\":\"\",\"publisher\":{\"@id\":\"https:\/\/innovadentcare.com.mx\/#organization\"},\"potentialAction\":[{\"@type\":\"SearchAction\",\"target\":{\"@type\":\"EntryPoint\",\"urlTemplate\":\"https:\/\/innovadentcare.com.mx\/?s={search_term_string}\"},\"query-input\":{\"@type\":\"PropertyValueSpecification\",\"valueRequired\":true,\"valueName\":\"search_term_string\"}}],\"inLanguage\":\"es\"},{\"@type\":\"Organization\",\"@id\":\"https:\/\/innovadentcare.com.mx\/#organization\",\"name\":\"Innova DentCare\",\"url\":\"https:\/\/innovadentcare.com.mx\/\",\"logo\":{\"@type\":\"ImageObject\",\"inLanguage\":\"es\",\"@id\":\"https:\/\/innovadentcare.com.mx\/#\/schema\/logo\/image\/\",\"url\":\"https:\/\/innovadentcare.com.mx\/wp-content\/uploads\/2025\/08\/cropped-InnovaDentCare_Horizontal.png\",\"contentUrl\":\"https:\/\/innovadentcare.com.mx\/wp-content\/uploads\/2025\/08\/cropped-InnovaDentCare_Horizontal.png\",\"width\":383,\"height\":152,\"caption\":\"Innova DentCare\"},\"image\":{\"@id\":\"https:\/\/innovadentcare.com.mx\/#\/schema\/logo\/image\/\"}}]}<\/script>\n<!-- \/ Yoast SEO plugin. -->","yoast_head_json":{"title":"Precios - Innova DentCare","robots":{"index":"index","follow":"follow","max-snippet":"max-snippet:-1","max-image-preview":"max-image-preview:large","max-video-preview":"max-video-preview:-1"},"canonical":"https:\/\/innovadentcare.com.mx\/index.php\/paquetes\/","og_locale":"es_ES","og_type":"article","og_title":"Precios - Innova DentCare","og_description":"Lista de precios Servicios Radiograf\u00eda Dental 2D Paquetes Escaneo Intraoral Estereolitograf\u00eda 3D Tomograf\u00eda 3D Fotograf\u00eda intra y extraoral Legal Aviso...","og_url":"https:\/\/innovadentcare.com.mx\/index.php\/paquetes\/","og_site_name":"Innova DentCare","article_modified_time":"2026-02-21T18:02:55+00:00","og_image":[{"width":1080,"height":1350,"url":"https:\/\/innovadentcare.com.mx\/wp-content\/uploads\/2026\/02\/Radiografias.png","type":"image\/png"}],"twitter_card":"summary_large_image","twitter_misc":{"Tiempo de lectura":"1 minuto"},"schema":{"@context":"https:\/\/schema.org","@graph":[{"@type":"WebPage","@id":"https:\/\/innovadentcare.com.mx\/index.php\/paquetes\/","url":"https:\/\/innovadentcare.com.mx\/index.php\/paquetes\/","name":"Precios - Innova DentCare","isPartOf":{"@id":"https:\/\/innovadentcare.com.mx\/#website"},"primaryImageOfPage":{"@id":"https:\/\/innovadentcare.com.mx\/index.php\/paquetes\/#primaryimage"},"image":{"@id":"https:\/\/innovadentcare.com.mx\/index.php\/paquetes\/#primaryimage"},"thumbnailUrl":"https:\/\/innovadentcare.com.mx\/wp-content\/uploads\/2026\/02\/Radiografias-819x1024.png","datePublished":"2025-08-14T22:14:39+00:00","dateModified":"2026-02-21T18:02:55+00:00","breadcrumb":{"@id":"https:\/\/innovadentcare.com.mx\/index.php\/paquetes\/#breadcrumb"},"inLanguage":"es","potentialAction":[{"@type":"ReadAction","target":["https:\/\/innovadentcare.com.mx\/index.php\/paquetes\/"]}]},{"@type":"ImageObject","inLanguage":"es","@id":"https:\/\/innovadentcare.com.mx\/index.php\/paquetes\/#primaryimage","url":"https:\/\/innovadentcare.com.mx\/wp-content\/uploads\/2026\/02\/Radiografias.png","contentUrl":"https:\/\/innovadentcare.com.mx\/wp-content\/uploads\/2026\/02\/Radiografias.png","width":1080,"height":1350},{"@type":"BreadcrumbList","@id":"https:\/\/innovadentcare.com.mx\/index.php\/paquetes\/#breadcrumb","itemListElement":[{"@type":"ListItem","position":1,"name":"Portada","item":"https:\/\/innovadentcare.com.mx\/"},{"@type":"ListItem","position":2,"name":"Precios"}]},{"@type":"WebSite","@id":"https:\/\/innovadentcare.com.mx\/#website","url":"https:\/\/innovadentcare.com.mx\/","name":"Innova DentCare","description":"","publisher":{"@id":"https:\/\/innovadentcare.com.mx\/#organization"},"potentialAction":[{"@type":"SearchAction","target":{"@type":"EntryPoint","urlTemplate":"https:\/\/innovadentcare.com.mx\/?s={search_term_string}"},"query-input":{"@type":"PropertyValueSpecification","valueRequired":true,"valueName":"search_term_string"}}],"inLanguage":"es"},{"@type":"Organization","@id":"https:\/\/innovadentcare.com.mx\/#organization","name":"Innova DentCare","url":"https:\/\/innovadentcare.com.mx\/","logo":{"@type":"ImageObject","inLanguage":"es","@id":"https:\/\/innovadentcare.com.mx\/#\/schema\/logo\/image\/","url":"https:\/\/innovadentcare.com.mx\/wp-content\/uploads\/2025\/08\/cropped-InnovaDentCare_Horizontal.png","contentUrl":"https:\/\/innovadentcare.com.mx\/wp-content\/uploads\/2025\/08\/cropped-InnovaDentCare_Horizontal.png","width":383,"height":152,"caption":"Innova DentCare"},"image":{"@id":"https:\/\/innovadentcare.com.mx\/#\/schema\/logo\/image\/"}}]}},"_links":{"self":[{"href":"https:\/\/innovadentcare.com.mx\/index.php\/wp-json\/wp\/v2\/pages\/37","targetHints":{"allow":["GET"]}}],"collection":[{"href":"https:\/\/innovadentcare.com.mx\/index.php\/wp-json\/wp\/v2\/pages"}],"about":[{"href":"https:\/\/innovadentcare.com.mx\/index.php\/wp-json\/wp\/v2\/types\/page"}],"author":[{"embeddable":true,"href":"https:\/\/innovadentcare.com.mx\/index.php\/wp-json\/wp\/v2\/users\/2"}],"replies":[{"embeddable":true,"href":"https:\/\/innovadentcare.com.mx\/index.php\/wp-json\/wp\/v2\/comments?post=37"}],"version-history":[{"count":68,"href":"https:\/\/innovadentcare.com.mx\/index.php\/wp-json\/wp\/v2\/pages\/37\/revisions"}],"predecessor-version":[{"id":783,"href":"https:\/\/innovadentcare.com.mx\/index.php\/wp-json\/wp\/v2\/pages\/37\/revisions\/783"}],"wp:attachment":[{"href":"https:\/\/innovadentcare.com.mx\/index.php\/wp-json\/wp\/v2\/media?parent=37"}],"curies":[{"name":"wp","href":"https:\/\/api.w.org\/{rel}","templated":true}]}}